{"id":45,"date":"2025-08-20T13:34:54","date_gmt":"2025-08-20T13:34:54","guid":{"rendered":"https:\/\/graficanet.cl\/1\/home\/"},"modified":"2025-08-20T14:07:45","modified_gmt":"2025-08-20T14:07:45","slug":"home","status":"publish","type":"page","link":"https:\/\/graficanet.cl\/1\/","title":{"rendered":"Home"},"content":{"rendered":"\n\n\n\n\n<h2>Sip happens, coffee fixes.<\/h2>\n\n\n\n<h2>Mant\u00e9n la alegr\u00eda con un sabor incre\u00edble<\/h2>\n\n\n\n<h2>Disfruta cada momento con una deliciosa infusi\u00f3n que te levanta el \u00e1nimo. Experimenta sabores incre\u00edbles que te alegran el coraz\u00f3n y revitalizan tu d\u00eda. Mant\u00e9n la alegr\u00eda con cada taza, convirtiendo momentos cotidianos en rituales alegres.<\/h2>\n\n\n\n\n\n\n\n\n\n\n\n\n\n\n\n\n\n\n\n\n\n\n\n\n\n4.3 out of 5\n\n\n\n\n\n\n\n\n\n\n\n\n\n<h2>BEST DELICIOUS<\/h2>\n\n\n\n\n\n<h2>COFFEE BEAN<\/h2>\n\n\n\n\n\n\n\n\n\n\n\n<h2>Flat 20% OFF<\/h2>\n\n\n\n<h2>Cold Coffee<\/h2>\n\n\n\n\n\n\n\n\n\n<h2>Delicious Coffee<\/h2>\n\n\n\n<h2>Coffee Bag<\/h2>\n\n\n\n\n\n\n\n\n\n<h2>IDEAS PARA UN CAFE EN CASA<\/h2>\n\n\n\n<span style=\"color:#000000d3;\">Leche condensada, espresso, cubitos de hielo, etc.<\/span>\n\n\n\n<span style=\"color:#000000d3;\">Caf\u00e9 reci\u00e9n hecho y leche al vapor<\/span>\n\n\n\n<span style=\"color:#000000d3;\"><span style=\"color:#000000d3;\"><span style=\"color:#000000d3;\">Espresso, jarabe de vainilla y leche.<\/span><\/span><\/span>\n\n\n\n\n\n\n\n<h2> OBTEN 10% DE DESCUENTO<\/h2>\n\n\n\n<span style=\"color:#000000d3;\">Terciopelo rojo, capa de espuma alisada ..<\/span>\n\n\n\n<span style=\"color:#000000d3;\"><br>Capa de espuma alisada.<\/span>\n\n\n\n<span style=\"color:#000000d3;\"><br>Espresso, jarabe de vainilla y leche.<\/span>\n\n\n\n\n\n\n\n\n\n\n\n\n\n\n\n\n\n\n\n\n\n\n\n<h2>Global Clients Happy to Get<br>Our gardening Services<\/h2>\n\n\n\n\n<span style=\"color:#ffffff;\">Good communication is just as stimulating as black coffee, and just as hard to sleep after. Coffee is the common man&#8217;s gold, and like gold, it brings to every person the feeling of luxury and nobility. Coffee is a cup of hope in a world full of chaos and Mondays.<\/span>\n\n\n\n<span style=\"color:#ffffff;\">I absolutely love this coffee shop! The atmosphere is cozy and welcoming, perfect for studying or catching up with friends. The baristas are friendly and knowledgeable about their menu. I highly recommend the caramel macchiato; it&#8217;s the best I&#8217;ve ever had!&#8221;<\/span>\n\n\n\n\n\n\n\n\n\n\n<h2>Fresh &amp; Organic Beans<\/h2>\n\n\n\n<h2>Our Brew Coffee Services <\/h2>\n\n\n\n\n\n\n\n\n\n\n\n<h2>Serve when you need<\/h2>\n\n\n\n\n\n\n\n\n\n\n\n<h2>Flavoured coffees<\/h2>\n\n\n\n\n\n\n\n\n\n\n\n<h2>Subscription packs<\/h2>\n\n\n\n\n","protected":false},"excerpt":{"rendered":"","protected":false},"author":1,"featured_media":0,"parent":0,"menu_order":0,"comment_status":"closed","ping_status":"closed","template":"","meta":{"pagelayer_contact_templates":[],"_pagelayer_content":"","footnotes":""},"class_list":["post-45","page","type-page","status-publish","hentry"],"_links":{"self":[{"href":"https:\/\/graficanet.cl\/1\/wp-json\/wp\/v2\/pages\/45","targetHints":{"allow":["GET"]}}],"collection":[{"href":"https:\/\/graficanet.cl\/1\/wp-json\/wp\/v2\/pages"}],"about":[{"href":"https:\/\/graficanet.cl\/1\/wp-json\/wp\/v2\/types\/page"}],"author":[{"embeddable":true,"href":"https:\/\/graficanet.cl\/1\/wp-json\/wp\/v2\/users\/1"}],"replies":[{"embeddable":true,"href":"https:\/\/graficanet.cl\/1\/wp-json\/wp\/v2\/comments?post=45"}],"version-history":[{"count":4,"href":"https:\/\/graficanet.cl\/1\/wp-json\/wp\/v2\/pages\/45\/revisions"}],"predecessor-version":[{"id":66,"href":"https:\/\/graficanet.cl\/1\/wp-json\/wp\/v2\/pages\/45\/revisions\/66"}],"wp:attachment":[{"href":"https:\/\/graficanet.cl\/1\/wp-json\/wp\/v2\/media?parent=45"}],"curies":[{"name":"wp","href":"https:\/\/api.w.org\/{rel}","templated":true}]}}